{"id":10,"date":"2022-02-01T12:10:04","date_gmt":"2022-02-01T12:10:04","guid":{"rendered":"https:\/\/carbonpiyasasi.com\/?page_id=10"},"modified":"2022-02-12T19:37:08","modified_gmt":"2022-02-12T19:37:08","slug":"bize-ulasin","status":"publish","type":"page","link":"https:\/\/carbonpiyasasi.com\/","title":{"rendered":"Bize Ula\u015f\u0131n"},"content":{"rendered":"\n<p>Detayl\u0131 Bilgi \u0130\u00e7in \u0130leti\u015fim Bilgisi<\/p>\n\n\n\n<p>Mail Adresi<\/p>\n\n\n\n<p>info@carbonpiyasasi.com  <\/p>\n\n\n\n<p>carbon@carbonpiyasasi.com                                                                   <\/p>\n\n\n\n<p>Tel: 0555 213 49 34 <\/p>\n","protected":false},"excerpt":{"rendered":"<p>Detayl\u0131 Bilgi \u0130\u00e7in \u0130leti\u015fim Bilgisi Mail Adresi info@carbonpiyasasi.com carbon@carbonpiyasasi.com Tel: 0555 213 49 34<\/p>\n","protected":false},"author":1,"featured_media":0,"parent":9,"menu_order":4,"comment_status":"closed","ping_status":"closed","template":"","meta":{"footnotes":""},"class_list":["post-10","page","type-page","status-publish","hentry"],"_links":{"self":[{"href":"https:\/\/carbonpiyasasi.com\/index.php?rest_route=\/wp\/v2\/pages\/10","targetHints":{"allow":["GET"]}}],"collection":[{"href":"https:\/\/carbonpiyasasi.com\/index.php?rest_route=\/wp\/v2\/pages"}],"about":[{"href":"https:\/\/carbonpiyasasi.com\/index.php?rest_route=\/wp\/v2\/types\/page"}],"author":[{"embeddable":true,"href":"https:\/\/carbonpiyasasi.com\/index.php?rest_route=\/wp\/v2\/users\/1"}],"replies":[{"embeddable":true,"href":"https:\/\/carbonpiyasasi.com\/index.php?rest_route=%2Fwp%2Fv2%2Fcomments&post=10"}],"version-history":[{"count":6,"href":"https:\/\/carbonpiyasasi.com\/index.php?rest_route=\/wp\/v2\/pages\/10\/revisions"}],"predecessor-version":[{"id":91,"href":"https:\/\/carbonpiyasasi.com\/index.php?rest_route=\/wp\/v2\/pages\/10\/revisions\/91"}],"up":[{"embeddable":true,"href":"https:\/\/carbonpiyasasi.com\/index.php?rest_route=\/wp\/v2\/pages\/9"}],"wp:attachment":[{"href":"https:\/\/carbonpiyasasi.com\/index.php?rest_route=%2Fwp%2Fv2%2Fmedia&parent=10"}],"curies":[{"name":"wp","href":"https:\/\/api.w.org\/{rel}","templated":true}]}}